{"id":137,"date":"2022-06-30T20:38:44","date_gmt":"2022-06-30T18:38:44","guid":{"rendered":"https:\/\/msdconnect.hr\/?page_id=137"},"modified":"2025-11-25T12:03:49","modified_gmt":"2025-11-25T10:03:49","slug":"home","status":"publish","type":"page","link":"https:\/\/msdconnect.hr\/meded\/","title":{"rendered":"Home"},"content":{"rendered":"<div class=\"mhh-mcn-columns mhh-mcn-v1-columns--c46cc73d1b7e694dbe266a30e08152a4 mhh-mcn-v1-columns mhh-mcn-columns--gutter-l\">\n    <div class=\"mhh-mcn-columns-inner\">\n        \n<div class=\"mhh-mcn-v1-column mhh-mcn-v1-column--f5588783266a9eb9d156a99f512619fb mhh-mcn-column mhh-mcn-column--12 mhh-mcn-column--m-8 mhh-mcn-column--l-8\">\n    \n\n<h1 class=\"wp-block-heading has-border-color has-has-red-border-color-border-color  mhh-mcn-v1-heading mhh-mcn-v1-heading--9e2fdc22917b4a3c3efe29b77232018d\">Dobro do\u0161li na MSD MedEd<\/h1>\n\n\n\n<p class=\"has-border-color has-has-red-border-color-border-color   mhh-mcn-v1-paragraph mhh-mcn-v1-paragraph--0c561e04fd36889c1168b6dc9b95b32d\">Na na\u0161oj stranici za medicinsko obrazovanje mo\u017eete prona\u0107i videozapise, prezentacije i resurse koji sadr\u017ee uvide vode\u0107ih stru\u010dnjaka. Tako\u0111er mo\u017eete pogledati sadr\u017eaje s pro\u0161lih doga\u0111aja i saznati vi\u0161e o terapijskim podru\u010djima \/ bolestima koje vas zanimaju. Na\u0161 cilj je osigurati vam pristup najrelevantnijim informacijama koje bi vam mogle pomo\u0107i u svakodnevnom radu.<\/p>\n\n<\/div>\n\n\n<div class=\"mhh-mcn-v1-column mhh-mcn-v1-column--9c99e68d59907664dbbd66e12d7b699f mhh-mcn-column mhh-mcn-column--12 mhh-mcn-column--m-4 mhh-mcn-column--l-4\">\n    \n<div class=\"mhh-mcn-v1-links mhh-mcn-v1-links--align-center mhh-mcn-v1-links--justified-center mhh-mcn-v1-links--81254df1b91e334d88a22ec994d2b293\">\n    <a class=\"mhh-mcn-v1-link mhh-mcn-v1-link--center mhh-mcn-v1-link--vertical-alignment-center mhh-mcn-v1-link--495b3c4350a179151cf2e636f741ba1d mhh-mcn-v1-link--is-variation mhh-mcn-v1-link--button-custom\" href=\"https:\/\/msdconnect.hr\/meded\/register\/\" target=\"_self\">\n                    <span class=\"mhh-mcn-v1-link__label\">Registrirajte se \u2794<\/span>\n                <\/a><\/div>\n\n\n\n<div style=\"height:24px\" aria-hidden=\"true\" class=\"wp-block-spacer\"><\/div>\n\n\n<div class=\"mhh-mcn-v1-links mhh-mcn-v1-links--justified-center mhh-mcn-v1-links--60f8a0a3c934ce72eafd2ea35e6d6e00\">\n    <a class=\"mhh-mcn-v1-link mhh-mcn-v1-link--center mhh-mcn-v1-link--ed58d813a6c41a8e739d7cc8ee679578 mhh-mcn-v1-link--is-variation mhh-mcn-v1-link--negative\" href=\"https:\/\/msdconnect.hr\/meded\/register\/\" target=\"_self\">\n                    <span class=\"mhh-mcn-v1-link__label\">Trebate korisni\u010dki ra\u010dun?<\/span>\n                <\/a><\/div>\n\n<\/div>\n\n    <\/div>\n\n    <\/div>\n\n\n\n<div style=\"height:80px\" aria-hidden=\"true\" class=\"wp-block-spacer\"><\/div>\n\n\n<div class=\"mhh-mcn-columns mhh-mcn-columns--vertical-alignment-center mhh-mcn-v1-columns--7459771590b4b2d26921bdeb2f2a358c mhh-mcn-v1-columns mhh-mcn-columns--gutter-m\">\n    <div class=\"mhh-mcn-columns-inner\">\n        \n<div class=\"mhh-mcn-v1-column mhh-mcn-v1-column--600b9c0403da1f829c9eb549b1267165 mhh-mcn-column mhh-mcn-column--12 mhh-mcn-column--m-12 mhh-mcn-column--l-12\">\n    \n<div class=\"mhh-mcn-columns mhh-mcn-v1-columns--430f32b7bb561295f1a81e7697868048 mhh-mcn-v1-columns mhh-mcn-columns--gutter-m\">\n    <div class=\"mhh-mcn-columns-inner\">\n        \n<div class=\"mhh-mcn-v1-column mhh-mcn-v1-column--fb39b9479a14c71faf7893037d5123b7 mhh-mcn-column mhh-mcn-column--12 mhh-mcn-column--m-6 mhh-mcn-column--l-6\">\n    \n<figure class=\"mhh-mcn-v1-image mhh-mcn-v1-image--align-wide mhh-mcn-v1-image--f3e8721d460720f141ad8e7aa40c0feb with-aspect-ratio with-aspect-ratio--169\">\n    <div class=\"figure-outer\">\n    <div class=\"figure-inner\">\n                            <img loading=\"lazy\" decoding=\"async\"\n        class=\"mhh-mcn-image mhh-mcn-image--full wp-image-3263\"\n        src=\"https:\/\/msdconnect.hr\/meded\/wp-content\/uploads\/sites\/146\/2025\/09\/HR-NON-00471_AdobeStock_671714554.jpeg?quality=80&#038;lossy=1\"\n        width=\"1024\"\n        height=\"357\"\n                alt=\"\"\n            \/>\n                <\/div>\n    <\/div>\n    <\/figure>\n\n<\/div>\n\n\n<div class=\"mhh-mcn-v1-column mhh-mcn-v1-column--5d1e68e68a107787fb01faee3a94df20 mhh-mcn-column mhh-mcn-column--12 mhh-mcn-column--m-6 mhh-mcn-column--l-6\">\n    \n\n<\/div>\n\n    <\/div>\n\n    <\/div>\n\n<\/div>\n\n    <\/div>\n\n    <\/div>\n\n\n\n<div style=\"height:80px\" aria-hidden=\"true\" class=\"wp-block-spacer\"><\/div>\n\n\n<div class=\"mhh-mcn-v1-content-items mhh-mcn-v1-content-items--801008513ba8103a3a35732eeca2cfc8 wp-block-mconnect-theme-curated-content mhh-mcn-layout--columns mhh-mcn-columns mhh-mcn-v1-columns--a60ee49ae759a57f38449b9df9a7b707 mhh-mcn-v1-columns mhh-mcn-columns--gutter-m\" dir=\"ltr\" lang=\"hr\">\n    <div class=\"mhh-mcn-columns-inner\">\n            <\/div>\n\n    <\/div>\n\n\n\n<p dir=\"ltr\" lang=\"hr\" class=\"has-border-color has-has-red-border-color-border-color   mhh-mcn-v1-paragraph mhh-mcn-v1-paragraph--f396324cdfeeb9967c31f7ecfe433dee\"><\/p>\n","protected":false},"excerpt":{"rendered":"","protected":false},"author":162880,"featured_media":0,"parent":0,"menu_order":0,"comment_status":"closed","ping_status":"closed","template":"","meta":{"_mhh_mcn_text_direction":"","_mhh_mcn_language":"","_mhh_mcn_left_sidebar_settings":{"entityId":0},"_mhh_mcn_sidebar_settings":{"entityId":0},"mhh_mcn_side_navigation_style":{"fontSize":{"l":"","m":"","s":""},"lineHeight":{"l":1.5,"m":1.5,"s":1.5},"itemColor":"","hoverItemColor":"","currentItemColor":"","borderItemColor":"","backgroundItemHoverColor":"","themeColor":""},"_mhh_mcn_child_page_navigation":{"isActive":false,"isSticky":false},"hide_header":false,"show_top_bar":false,"hide_footer":false,"full_width_layout":false,"icon":null,"job_code":"","primary_tag":1076,"editor_notices":[],"footnotes":"","mconnectIsArchiveTemplate":false,"mconnectArchiveFiltersDisabled":false,"mconnectArchiveLockAllPresetFilters":false,"mconnectArchiveHidePageSubmenu":false,"mconnectArchiveShowParentPageOnly":false,"mconnectArchiveDefaultOrder":"DESC","mconnectArchiveDefaultOrderBy":"date","mconnectArchivePostsPerPage":12,"mconnectArchivePostTypes":[],"mconnectArchiveAllowFilterBy":["category","tx-content-type","tx-product","tx-pathology","tx-active-ingredient","tx-therapeutic-area"],"mconnectArchiveTaxonomyOrder":[],"mconnectArchiveFilterSorting":["is_keyword","is_date"],"mconnectArchiveContentItemStyle":{"showExcerpt":true,"showImage":true,"showIcon":false,"showPrimaryTag":true,"showBorder":false,"showDates":false,"showCta":true,"isCard":false,"hasBackground":false,"showMetadata":true},"mconnectArchiveLayout":{"type":"list","hasFeatured":false},"mconnectDynamicTaxonomyEntities":[],"mconnectArchiveTerms_category":[],"mconnectArchiveAllowTerms_category":[],"mconnectArchiveTerms_tx-content-type":[],"mconnectArchiveAllowTerms_tx-content-type":[],"mconnectArchiveTerms_tx-product":[],"mconnectArchiveAllowTerms_tx-product":[],"mconnectArchiveTerms_tx-pathology":[],"mconnectArchiveAllowTerms_tx-pathology":[],"mconnectArchiveTerms_tx-active-ingredient":[],"mconnectArchiveAllowTerms_tx-active-ingredient":[],"mconnectArchiveTerms_tx-therapeutic-area":[],"mconnectArchiveAllowTerms_tx-therapeutic-area":[],"mconnectArchiveAllowTerms_dynamic-taxonomy":[],"mconnectArchiveLegacyDefaultTermsApplied":false,"mconnectContentUpdatesPerPage":10,"mconnectContentUpdatesViewMoreUrl":"","mconnectContentUpdatesTerms_tx-content-type":[],"mconnectContentUpdatesTerms_tx-product":[],"mconnectContentUpdatesTerms_tx-pathology":[],"mconnectContentUpdatesTerms_tx-active-ingredient":[],"mconnectContentUpdatesTerms_tx-therapeutic-area":[]},"categories":[],"tags":[1076],"ga4_page_audience":[1129],"ga4_page_birn_id":[],"ga4_page_branding":[433],"ga4_page_businessunit":[434],"ga4_page_campaign":[],"ga4_page_content_purpose":[1032],"ga4_page_customer_journey_stage":[486],"ga4_page_customer_specialty":[508],"ga4_page_experience":[],"ga4_page_indication":[581],"ga4_page_material_intent":[644],"ga4_page_product":[740],"ga4_page_region":[969],"ga4_page_therapeuticarea":[1026],"tx-therapeutic-area":[],"tx-product":[],"tx-pathology":[],"tx-content-type":[],"tx-active-ingredient":[],"mhh-area-of-interest":[],"access":[],"user_status":[],"user_role":[],"mh-depends-on":[],"class_list":["post-137","page","type-page","status-publish","hentry","tag-home"],"yoast_head":"<!-- This site is optimized with the Yoast SEO plugin v23.9 - https:\/\/yoast.com\/wordpress\/plugins\/seo\/ -->\n<title>Home - MedEd Croatia<\/title>\n<meta name=\"robots\" content=\"index, follow, max-snippet:-1, max-image-preview:large, max-video-preview:-1\" \/>\n<link rel=\"canonical\" href=\"https:\/\/msdconnect.hr\/meded\/\" \/>\n<meta property=\"og:locale\" content=\"hr_HR\" \/>\n<meta property=\"og:type\" content=\"article\" \/>\n<meta property=\"og:title\" content=\"Home - MedEd Croatia\" \/>\n<meta property=\"og:url\" content=\"https:\/\/msdconnect.hr\/meded\/\" \/>\n<meta property=\"og:site_name\" content=\"MedEd Croatia\" \/>\n<meta property=\"article:modified_time\" content=\"2025-11-25T10:03:49+00:00\" \/>\n<meta name=\"twitter:card\" content=\"summary_large_image\" \/>\n<meta name=\"twitter:label1\" content=\"Procijenjeno vrijeme \u010ditanja\" \/>\n\t<meta name=\"twitter:data1\" content=\"1 minuta\" \/>\n<script type=\"application\/ld+json\" class=\"yoast-schema-graph\">{\"@context\":\"https:\/\/schema.org\",\"@graph\":[{\"@type\":\"WebPage\",\"@id\":\"https:\/\/msdconnect.hr\/meded\/\",\"url\":\"https:\/\/msdconnect.hr\/meded\/\",\"name\":\"Home - MedEd Croatia\",\"isPartOf\":{\"@id\":\"https:\/\/msdconnect.hr\/meded\/#website\"},\"datePublished\":\"2022-06-30T18:38:44+00:00\",\"dateModified\":\"2025-11-25T10:03:49+00:00\",\"breadcrumb\":{\"@id\":\"https:\/\/msdconnect.hr\/meded\/#breadcrumb\"},\"inLanguage\":\"hr\",\"potentialAction\":[{\"@type\":\"ReadAction\",\"target\":[\"https:\/\/msdconnect.hr\/meded\/\"]}]},{\"@type\":\"BreadcrumbList\",\"@id\":\"https:\/\/msdconnect.hr\/meded\/#breadcrumb\",\"itemListElement\":[{\"@type\":\"ListItem\",\"position\":1,\"name\":\"Po\u010detna stranica\",\"item\":\"https:\/\/msdconnect.hr\/meded\/\"},{\"@type\":\"ListItem\",\"position\":2,\"name\":\"Home\"}]},{\"@type\":\"WebSite\",\"@id\":\"https:\/\/msdconnect.hr\/meded\/#website\",\"url\":\"https:\/\/msdconnect.hr\/meded\/\",\"name\":\"MedEd Croatia\",\"description\":\"\",\"publisher\":{\"@id\":\"https:\/\/msdconnect.hr\/meded\/#organization\"},\"potentialAction\":[{\"@type\":\"SearchAction\",\"target\":{\"@type\":\"EntryPoint\",\"urlTemplate\":\"https:\/\/msdconnect.hr\/meded\/?s={search_term_string}\"},\"query-input\":{\"@type\":\"PropertyValueSpecification\",\"valueRequired\":true,\"valueName\":\"search_term_string\"}}],\"inLanguage\":\"hr\"},{\"@type\":\"Organization\",\"@id\":\"https:\/\/msdconnect.hr\/meded\/#organization\",\"name\":\"MedEd Croatia\",\"url\":\"https:\/\/msdconnect.hr\/meded\/\",\"logo\":{\"@type\":\"ImageObject\",\"inLanguage\":\"hr\",\"@id\":\"https:\/\/msdconnect.hr\/meded\/#\/schema\/logo\/image\/\",\"url\":\"https:\/\/msdconnect.hr\/meded\/wp-content\/uploads\/sites\/146\/2024\/06\/cropped-msd-meded-logo.png\",\"contentUrl\":\"https:\/\/msdconnect.hr\/meded\/wp-content\/uploads\/sites\/146\/2024\/06\/cropped-msd-meded-logo.png\",\"width\":279,\"height\":55,\"caption\":\"MedEd Croatia\"},\"image\":{\"@id\":\"https:\/\/msdconnect.hr\/meded\/#\/schema\/logo\/image\/\"}}]}<\/script>\n<!-- \/ Yoast SEO plugin. -->","yoast_head_json":{"title":"Home - MedEd Croatia","robots":{"index":"index","follow":"follow","max-snippet":"max-snippet:-1","max-image-preview":"max-image-preview:large","max-video-preview":"max-video-preview:-1"},"canonical":"https:\/\/msdconnect.hr\/meded\/","og_locale":"hr_HR","og_type":"article","og_title":"Home - MedEd Croatia","og_url":"https:\/\/msdconnect.hr\/meded\/","og_site_name":"MedEd Croatia","article_modified_time":"2025-11-25T10:03:49+00:00","twitter_card":"summary_large_image","twitter_misc":{"Procijenjeno vrijeme \u010ditanja":"1 minuta"},"schema":{"@context":"https:\/\/schema.org","@graph":[{"@type":"WebPage","@id":"https:\/\/msdconnect.hr\/meded\/","url":"https:\/\/msdconnect.hr\/meded\/","name":"Home - MedEd Croatia","isPartOf":{"@id":"https:\/\/msdconnect.hr\/meded\/#website"},"datePublished":"2022-06-30T18:38:44+00:00","dateModified":"2025-11-25T10:03:49+00:00","breadcrumb":{"@id":"https:\/\/msdconnect.hr\/meded\/#breadcrumb"},"inLanguage":"hr","potentialAction":[{"@type":"ReadAction","target":["https:\/\/msdconnect.hr\/meded\/"]}]},{"@type":"BreadcrumbList","@id":"https:\/\/msdconnect.hr\/meded\/#breadcrumb","itemListElement":[{"@type":"ListItem","position":1,"name":"Po\u010detna stranica","item":"https:\/\/msdconnect.hr\/meded\/"},{"@type":"ListItem","position":2,"name":"Home"}]},{"@type":"WebSite","@id":"https:\/\/msdconnect.hr\/meded\/#website","url":"https:\/\/msdconnect.hr\/meded\/","name":"MedEd Croatia","description":"","publisher":{"@id":"https:\/\/msdconnect.hr\/meded\/#organization"},"potentialAction":[{"@type":"SearchAction","target":{"@type":"EntryPoint","urlTemplate":"https:\/\/msdconnect.hr\/meded\/?s={search_term_string}"},"query-input":{"@type":"PropertyValueSpecification","valueRequired":true,"valueName":"search_term_string"}}],"inLanguage":"hr"},{"@type":"Organization","@id":"https:\/\/msdconnect.hr\/meded\/#organization","name":"MedEd Croatia","url":"https:\/\/msdconnect.hr\/meded\/","logo":{"@type":"ImageObject","inLanguage":"hr","@id":"https:\/\/msdconnect.hr\/meded\/#\/schema\/logo\/image\/","url":"https:\/\/msdconnect.hr\/meded\/wp-content\/uploads\/sites\/146\/2024\/06\/cropped-msd-meded-logo.png","contentUrl":"https:\/\/msdconnect.hr\/meded\/wp-content\/uploads\/sites\/146\/2024\/06\/cropped-msd-meded-logo.png","width":279,"height":55,"caption":"MedEd Croatia"},"image":{"@id":"https:\/\/msdconnect.hr\/meded\/#\/schema\/logo\/image\/"}}]}},"_links":{"self":[{"href":"https:\/\/msdconnect.hr\/meded\/wp-json\/wp\/v2\/pages\/137","targetHints":{"allow":["GET"]}}],"collection":[{"href":"https:\/\/msdconnect.hr\/meded\/wp-json\/wp\/v2\/pages"}],"about":[{"href":"https:\/\/msdconnect.hr\/meded\/wp-json\/wp\/v2\/types\/page"}],"author":[{"embeddable":true,"href":"https:\/\/msdconnect.hr\/meded\/wp-json\/wp\/v2\/users\/162880"}],"replies":[{"embeddable":true,"href":"https:\/\/msdconnect.hr\/meded\/wp-json\/wp\/v2\/comments?post=137"}],"version-history":[{"count":50,"href":"https:\/\/msdconnect.hr\/meded\/wp-json\/wp\/v2\/pages\/137\/revisions"}],"predecessor-version":[{"id":3727,"href":"https:\/\/msdconnect.hr\/meded\/wp-json\/wp\/v2\/pages\/137\/revisions\/3727"}],"wp:attachment":[{"href":"https:\/\/msdconnect.hr\/meded\/wp-json\/wp\/v2\/media?parent=137"}],"wp:term":[{"taxonomy":"category","embeddable":true,"href":"https:\/\/msdconnect.hr\/meded\/wp-json\/wp\/v2\/categories?post=137"},{"taxonomy":"post_tag","embeddable":true,"href":"https:\/\/msdconnect.hr\/meded\/wp-json\/wp\/v2\/tags?post=137"},{"taxonomy":"ga4_page_audience","embeddable":true,"href":"https:\/\/msdconnect.hr\/meded\/wp-json\/wp\/v2\/ga4_page_audience?post=137"},{"taxonomy":"ga4_page_birn_id","embeddable":true,"href":"https:\/\/msdconnect.hr\/meded\/wp-json\/wp\/v2\/ga4_page_birn_id?post=137"},{"taxonomy":"ga4_page_branding","embeddable":true,"href":"https:\/\/msdconnect.hr\/meded\/wp-json\/wp\/v2\/ga4_page_branding?post=137"},{"taxonomy":"ga4_page_businessunit","embeddable":true,"href":"https:\/\/msdconnect.hr\/meded\/wp-json\/wp\/v2\/ga4_page_businessunit?post=137"},{"taxonomy":"ga4_page_campaign","embeddable":true,"href":"https:\/\/msdconnect.hr\/meded\/wp-json\/wp\/v2\/ga4_page_campaign?post=137"},{"taxonomy":"ga4_page_content_purpose","embeddable":true,"href":"https:\/\/msdconnect.hr\/meded\/wp-json\/wp\/v2\/ga4_page_content_purpose?post=137"},{"taxonomy":"ga4_page_customer_journey_stage","embeddable":true,"href":"https:\/\/msdconnect.hr\/meded\/wp-json\/wp\/v2\/ga4_page_customer_journey_stage?post=137"},{"taxonomy":"ga4_page_customer_specialty","embeddable":true,"href":"https:\/\/msdconnect.hr\/meded\/wp-json\/wp\/v2\/ga4_page_customer_specialty?post=137"},{"taxonomy":"ga4_page_experience","embeddable":true,"href":"https:\/\/msdconnect.hr\/meded\/wp-json\/wp\/v2\/ga4_page_experience?post=137"},{"taxonomy":"ga4_page_indication","embeddable":true,"href":"https:\/\/msdconnect.hr\/meded\/wp-json\/wp\/v2\/ga4_page_indication?post=137"},{"taxonomy":"ga4_page_material_intent","embeddable":true,"href":"https:\/\/msdconnect.hr\/meded\/wp-json\/wp\/v2\/ga4_page_material_intent?post=137"},{"taxonomy":"ga4_page_product","embeddable":true,"href":"https:\/\/msdconnect.hr\/meded\/wp-json\/wp\/v2\/ga4_page_product?post=137"},{"taxonomy":"ga4_page_region","embeddable":true,"href":"https:\/\/msdconnect.hr\/meded\/wp-json\/wp\/v2\/ga4_page_region?post=137"},{"taxonomy":"ga4_page_therapeuticarea","embeddable":true,"href":"https:\/\/msdconnect.hr\/meded\/wp-json\/wp\/v2\/ga4_page_therapeuticarea?post=137"},{"taxonomy":"tx-therapeutic-area","embeddable":true,"href":"https:\/\/msdconnect.hr\/meded\/wp-json\/wp\/v2\/tx-therapeutic-area?post=137"},{"taxonomy":"tx-product","embeddable":true,"href":"https:\/\/msdconnect.hr\/meded\/wp-json\/wp\/v2\/tx-product?post=137"},{"taxonomy":"tx-pathology","embeddable":true,"href":"https:\/\/msdconnect.hr\/meded\/wp-json\/wp\/v2\/tx-pathology?post=137"},{"taxonomy":"tx-content-type","embeddable":true,"href":"https:\/\/msdconnect.hr\/meded\/wp-json\/wp\/v2\/tx-content-type?post=137"},{"taxonomy":"tx-active-ingredient","embeddable":true,"href":"https:\/\/msdconnect.hr\/meded\/wp-json\/wp\/v2\/tx-active-ingredient?post=137"},{"taxonomy":"mhh-area-of-interest","embeddable":true,"href":"https:\/\/msdconnect.hr\/meded\/wp-json\/wp\/v2\/mhh-area-of-interest?post=137"},{"taxonomy":"access","embeddable":true,"href":"https:\/\/msdconnect.hr\/meded\/wp-json\/wp\/v2\/access?post=137"},{"taxonomy":"user_status","embeddable":true,"href":"https:\/\/msdconnect.hr\/meded\/wp-json\/wp\/v2\/user_status?post=137"},{"taxonomy":"user_role","embeddable":true,"href":"https:\/\/msdconnect.hr\/meded\/wp-json\/wp\/v2\/user_role?post=137"},{"taxonomy":"mh-depends-on","embeddable":true,"href":"https:\/\/msdconnect.hr\/meded\/wp-json\/wp\/v2\/mh-depends-on?post=137"}],"curies":[{"name":"wp","href":"https:\/\/api.w.org\/{rel}","templated":true}]}}