{"id":2265,"date":"2024-05-22T09:21:58","date_gmt":"2024-05-22T07:21:58","guid":{"rendered":"https:\/\/msdconnect.hr\/meded\/?page_id=2265"},"modified":"2025-07-07T10:24:38","modified_gmt":"2025-07-07T08:24:38","slug":"uvjeti-uporabe","status":"publish","type":"page","link":"https:\/\/msdconnect.hr\/meded\/uvjeti-uporabe\/","title":{"rendered":"Uvjeti uporabe"},"content":{"rendered":"\n<p class=\"   mhh-mcn-v1-paragraph mhh-mcn-v1-paragraph--304a7f324aeec2790de41c90d111fc23\">Portal MSD MedEd&nbsp;<\/p>\n\n\n\n<p class=\"   mhh-mcn-v1-paragraph mhh-mcn-v1-paragraph--9cd75dc295cba241bc3a6566eaa134e5\">MSD MedEd je internetska stranica tvrtke Merck Sharp &amp; Dohme d.o.o., Ivana Lu\u010di\u0107a 2a, Zagreb, OIB: 86296111348 (MSD), dru\u0161tva k\u0107eri tvrtke Merck &amp; Co., Inc., Kenilworth, New Jersey, SAD.<\/p>\n\n\n\n<p class=\"   mhh-mcn-v1-paragraph mhh-mcn-v1-paragraph--132933b5573302ad825c99ff2070f9ed\">NA OVIM STRANICAMA MSD OMOGU\u0106AVA PRISTUP SADR\u017dAJIMA KOJI SU NAMIJENJENI ISKLJU\u010cIVO&nbsp;ZDRAVSTVENIM RADNICIMA&nbsp;s ovla\u0161tenjem za rad u Hrvatskoj, zbog \u010dega pristup mora biti za\u0161ti\u0107en korisni\u010dkim imenom i lozinkom, tj. potrebna je registracija.<\/p>\n\n\n\n<h4 class=\"wp-block-heading  mhh-mcn-v1-heading mhh-mcn-v1-heading--7b1a65b85e43693d9361f102b54c3c68\"><strong>Prihvat uvjeta<\/strong><\/h4>\n\n\n\n<p class=\"   mhh-mcn-v1-paragraph mhh-mcn-v1-paragraph--5fbdec9921b12bd93f27b8540c723f2a\">Mo\u017eete se prijaviti za pristup ovoj internetskoj stranici samo nakon \u0161to pro\u010ditate i prihvatite po\u0161tivati uvjete uporabe objavljene na ovoj stranici (\u201eUvjeti uporabe\u201c) te pristanete na obradu va\u0161ih osobnih podataka (vidite ni\u017ee pod \u201eOsobni podaci\u201c).&nbsp;<\/p>\n\n\n\n<p class=\"   mhh-mcn-v1-paragraph mhh-mcn-v1-paragraph--a956b4fa19bab82e2d0d4cefd1a4c534\">MSD pridr\u017eava pravo povremeno izmijeniti Uvjete uporabe te \u0107e na ovoj stranici objaviti sve takve izmjene, uklju\u010duju\u0107i i dan kada stupaju na snagu. Va\u017ee\u0107oj verziji Uvjeta uporabe mo\u017eete pristupiti u bilo kojem trenutku na ovoj internetskoj stranici.<\/p>\n\n\n\n<h4 class=\"wp-block-heading  mhh-mcn-v1-heading mhh-mcn-v1-heading--ed0b4380e5cecfe64a049fad7d0cde99\"><strong>Registracija<\/strong><\/h4>\n\n\n\n<p class=\"   mhh-mcn-v1-paragraph mhh-mcn-v1-paragraph--e1715e890b2b27c60518a7b445831130\">Da biste se registrirali i mogli pristupiti sadr\u017eaju ove stranice morate popuniti obrazac u kojem \u0107ete potvrditi da&nbsp;ste zdravstveni radnik s ovla\u0161tenjem za rad u Hrvatskoj i dati nam istinite,to\u010dne i a\u017eurne podatke.&nbsp;<\/p>\n\n\n\n<p class=\"   mhh-mcn-v1-paragraph mhh-mcn-v1-paragraph--f09687f9d03d69464a8682b14730503b\">Podaci ozna\u010deni zvjezdicom su obavezni podaci a ostali su fakultativni. Popunjavanjem obrasca i registracijom potvr\u0111ujete da su svi podaci koje ste nam pri registraciji dali to\u010dni i a\u017eurni.&nbsp;&nbsp;U slu\u010daju promjene podataka, du\u017eni ste ih a\u017eurirati u svom korisni\u010dkom ra\u010dunu. Ako date la\u017ene ili neto\u010dne podatke, MSD je ovla\u0161ten odbiti Va\u0161u registraciju odnosno ukloniti Va\u0161 korisni\u010dki ra\u010dun.<\/p>\n\n\n\n<p class=\"   mhh-mcn-v1-paragraph mhh-mcn-v1-paragraph--6e2537aa63a63b2093c4683377a67c43\">Svoje korisni\u010dko ime i lozinku trebate \u010duvati na siguran na\u010din i ne smijete ih dati tre\u0107im osobama. MSD ima pravo iz sigurnosnih ili drugih va\u017enih razloga zatra\u017eiti da promijenite lozinku.&nbsp;MSD pridr\u017eava pravo privremeno blokirati Va\u0161 korisni\u010dki ra\u010dun ili ga obrisati ako prekr\u0161ite ove Uvjete uporabe.&nbsp;<\/p>\n\n\n\n<p class=\"   mhh-mcn-v1-paragraph mhh-mcn-v1-paragraph--21431bc66e41298821f477b1050ac471\">Informacije o obradi Va\u0161ih osobnih podatka u vezi s kori\u0161tenjem ovom stranicom prona\u0107i \u0107ete na poveznicama navedenim ni\u017ee u odjeljku Osobni podaci.&nbsp;<\/p>\n\n\n\n<h4 class=\"wp-block-heading  mhh-mcn-v1-heading mhh-mcn-v1-heading--38a0c987b68addf309c5f0ddeacfadc1\"><strong>Podru\u010dje na koje se uvjeti primjenjuju<\/strong><\/h4>\n\n\n\n<p class=\"   mhh-mcn-v1-paragraph mhh-mcn-v1-paragraph--ad4265008d624de92f8f34e8a5e62907\">Ovi uvjeti vrijede samo za uporabu ove internetske stranice. MSD i njegova povezana dru\u0161tva vlasnici su i drugih stranica za koje vrijede zasebni uvjeti uporabe kako je navedeno na tim stranicama.<\/p>\n\n\n\n<h4 class=\"wp-block-heading  mhh-mcn-v1-heading mhh-mcn-v1-heading--8ca609e70db1fea4b9a3b0bba424b5d5\"><strong>Medicinske informacije<\/strong><\/h4>\n\n\n\n<p class=\"   mhh-mcn-v1-paragraph mhh-mcn-v1-paragraph--250af743c7cf0c73b12f61baeefa95b2\">Premda se na ovim internetskim stranicama nalaze informacije koje se ti\u010du bolesti i njihova lije\u010denja, ni\u0161ta na ovim internetskim stranicama ne smije se tuma\u010diti kao davanje savjeta ili preporuka u vezi bilo koje odluke ili radnje povezane sa zdravljem pojedinih osoba. Kao lije\u010dnik ili drugi kvalificirani zdravstveni radnik, ne biste trebali dopustiti da sadr\u017eaj ovih internetskih stranica zamijeni Va\u0161u vlastitu medicinsku prosudbu, koju biste trebali primijeniti pri procjeni informacija objavljenih na ovim internetskim stranicama.<\/p>\n\n\n\n<h4 class=\"wp-block-heading  mhh-mcn-v1-heading mhh-mcn-v1-heading--c821286b676720455948ffd244f7d1f9\"><strong>Isklju\u010denje jamstava i odgovornosti<\/strong><\/h4>\n\n\n\n<p class=\"   mhh-mcn-v1-paragraph mhh-mcn-v1-paragraph--5a7d0e43387c7c72440e0ec0864019c0\">Iako je MSD ulo\u017eio razuman trud kako bi osigurao da informacije na ovim internetskim stranicama budu to\u010dne, potpune i aktualne, MSD izri\u010dito isklju\u010duje sva jamstva ili izjave u vezi s a\u017eurno\u0161\u0107u, potpuno\u0161\u0107u ili aktualno\u0161\u0107u tih informacija. INFORMACIJE NA OVIM INTERNETSKIM STRANICAMA DAJU SE U STANJU U KOJEM JESU, BEZ JAMSTVA IKAKVE VRSTE, IZRI\u010cITOG ILI PRE\u0160UTNOG, UKLJU\u010cUJU\u0106I, IZME\u0110U OSTALOG, IMPLICIRANA JAMSTVA UTR\u017dIVOSTI ILI PODOBNOSTI ZA ODRE\u0110ENU NAMJENU, ILI JAMSTVA DA NISU POVRIJE\u0110ENA PRAVA TRE\u0106IH OSOBA. MSD tako\u0111er ne jam\u010di da \u0107e ove internetske stranice biti dostupne bez prekida, da \u0107e funkcionirati bez pogre\u0161aka i da ne\u0107e biti zara\u017eene virusima ili drugim \u0161tetnim softverom. Ove internetske stranice upotrebljavate na vlastitu odgovornost.<br><br>MSD u punom opsegu koji dopu\u0161ta zakon, isklju\u010duje svoju odgovornost za bilo koju izravnu i neizravnu \u0161tetu (uklju\u010duju\u0107i, izme\u0111u ostaloga, gubitak dobiti, gubitak produktivnosti i nematerijalnu \u0161tetu), slu\u010dajnu, posebnu, posljedi\u010dnu \u0161tetu ni bilo kakvu drugu \u0161tetu koja nastane zbog ili u svezi s Va\u0161om uporabom ovih internetskih stranica.<\/p>\n\n\n\n<h4 class=\"wp-block-heading  mhh-mcn-v1-heading mhh-mcn-v1-heading--6e3472809a539bc027b843166315277b\"><strong>Osobni podaci<\/strong><\/h4>\n\n\n\n<p class=\"   mhh-mcn-v1-paragraph mhh-mcn-v1-paragraph--3461e2942bed1ab7c7e06f364b0c7b01\">O obradi i za\u0161titi osobnih podataka u vezi s uporabom ove internetske stranice informirajte se u&nbsp;<a href=\"https:\/\/www.msdprivacy.com\/hr\/hrv\/index.html\" target=\"_blank\" rel=\"noreferrer noopener\">Pravilima za\u0161tite privatnosti na internetu<\/a>,&nbsp;&nbsp;u&nbsp;<a href=\"https:\/\/www.msdprivacy.com\/hr\/hrv\/cookie-privacy-policy.html\" target=\"_blank\" rel=\"noreferrer noopener\">obavijestima o uporabi Kola\u010di\u0107a<\/a>&nbsp;te u Obavijest zdravstvenim radnicima u pogledu za\u0161tite osobnih podataka.&nbsp;<\/p>\n\n\n\n<h4 class=\"wp-block-heading  mhh-mcn-v1-heading mhh-mcn-v1-heading--0e81e3b85d78223b896f69c5c57b735f\"><strong>Intelektualno vlasni\u0161tvo<\/strong><\/h4>\n\n\n\n<p class=\"   mhh-mcn-v1-paragraph mhh-mcn-v1-paragraph--0fdee84e3ba4030454a5be96c9c93d29\">Svi \u017eigovi, logotipovi, dizajni, slogani i prepoznatljivi izgled koji se pojavljuju na ovim internetskim stranicama, bez obzira na to jesu li napisani velikim slovima, u kurzivu ili sa simbolom za \u017eig ili ne, vlasni\u0161tvo su tvrtke MSD ili njegovih povezanih dru\u0161tava ili se upotrebljavaju na temelju ovla\u0161tenja. Ove internetske stranice mogu tako\u0111er sadr\u017eavati ili upu\u0107ivati na patente, za\u0161ti\u0107ene informacije, tehnologije, proizvode, postupke ili druga prava intelektualnog vlasni\u0161tva MSD-a i\/ili tre\u0107ih osoba. Vama se ne daje niti prenosi nikakvo ovla\u0161tenje ni pravo na takve \u017eigove, patente, trgova\u010dke tajne, tehnologije, proizvode, postupke ni druga prava intelektualnog vlasni\u0161tva MSD-a i\/ili drugih osoba.<br><br>Ne smijete distribuirati, mijenjati, prenositi, ponovno upotrebljavati, ponovno objaviti na Internetu niti upotrijebiti sadr\u017eaj internetskih stranica u javne ili komercijalne svrhe, uklju\u010duju\u0107i tekst, slike, audio ili video materijale, bez prethodne izri\u010dite pisane MSD-ove suglasnosti. Trebate pretpostaviti da je sve \u0161to vidite ili pro\u010ditate na ovim internetskim stranicama za\u0161ti\u0107eno autorskim pravom, osim ako je druga\u010dije napomenuto, i da se bez pisanog odobrenja MSD-a ne smije upotrijebiti na na\u010din druga\u010diji od opisanog u Uvjetima uporabe ili u tekstu na internetskim stranicama. MSD ne jam\u010di niti izjavljuje da Va\u0161a uporaba materijala prikazanog na internetskim stranicama ne\u0107e povrijediti prava tre\u0107ih osoba koje nisu u vlasni\u0161tvu niti su povezane s MSD-om.<\/p>\n\n\n\n<h4 class=\"wp-block-heading  mhh-mcn-v1-heading mhh-mcn-v1-heading--8b32c4cf534dfb2679853a5b99167df2\"><strong>Informacije tre\u0107ih osoba i poveznice na druge stranice<\/strong><\/h4>\n\n\n\n<p class=\"   mhh-mcn-v1-paragraph mhh-mcn-v1-paragraph--4152d36bcc91c21ac5d21e84ae91bf1b\">Ove internetske stranice mogu sadr\u017eavati poveznice na druge internetske stranice koje pripadaju MSD-u ili na internetske stranice tre\u0107ih osoba, na \u010diji sadr\u017eaj MSD nema utjecaj.<br><br>MSD nije odgovoran za sadr\u017eaj internetskih stranica tre\u0107ih osoba na koje je omogu\u0107en pristup s ove internetske stranice. Za sadr\u017eaj i uporabu svake stranice tre\u0107e osobe, na koju upu\u0107uju poveznice na ovoj internetskoj stranici, vrijede uvjeti uporabe objavljeni na toj stranici.<\/p>\n\n\n\n<h4 class=\"wp-block-heading  mhh-mcn-v1-heading mhh-mcn-v1-heading--991233bd2a45c65b9bd3860451d01069\"><strong>Mjerodavno pravo i nadle\u017eni sud<\/strong><\/h4>\n\n\n\n<p class=\"   mhh-mcn-v1-paragraph mhh-mcn-v1-paragraph--2b9da23698002a80bdfffd604bee4b70\">Na ove uvjete primjenjuje se hrvatsko pravo i nadle\u017ean je hrvatski sud.<\/p>\n\n\n\n<p class=\"   mhh-mcn-v1-paragraph mhh-mcn-v1-paragraph--5b16a16f6da116d4e6f2da39cdb851a2\">22. svibnja 2020. godine<\/p>\n","protected":false},"excerpt":{"rendered":"<p>Portal MSD MedEd&nbsp; MSD MedEd je internetska stranica tvrtke Merck Sharp &amp; Dohme d.o.o., Ivana Lu\u010di\u0107a 2a, Zagreb, OIB: 86296111348 [&hellip;]<\/p>\n","protected":false},"author":162880,"featured_media":0,"parent":0,"menu_order":0,"comment_status":"closed","ping_status":"closed","template":"","meta":{"_mhh_mcn_text_direction":"","_mhh_mcn_language":"","_mhh_mcn_left_sidebar_settings":{"entityId":0},"_mhh_mcn_sidebar_settings":{"entityId":0},"mhh_mcn_side_navigation_style":{"fontSize":{"l":"","m":"","s":""},"lineHeight":{"l":1.5,"m":1.5,"s":1.5},"itemColor":"","hoverItemColor":"","currentItemColor":"","borderItemColor":"","backgroundItemHoverColor":"","themeColor":""},"_mhh_mcn_child_page_navigation":{"isActive":false,"isSticky":false},"hide_header":false,"show_top_bar":false,"hide_footer":false,"full_width_layout":false,"icon":null,"job_code":"","primary_tag":0,"editor_notices":[],"footnotes":"","mconnectIsArchiveTemplate":false,"mconnectArchiveFiltersDisabled":false,"mconnectArchiveLockAllPresetFilters":false,"mconnectArchiveHidePageSubmenu":false,"mconnectArchiveShowParentPageOnly":false,"mconnectArchiveDefaultOrder":"DESC","mconnectArchiveDefaultOrderBy":"date","mconnectArchivePostsPerPage":12,"mconnectArchivePostTypes":[],"mconnectArchiveAllowFilterBy":["category","tx-content-type","tx-product","tx-pathology","tx-active-ingredient","tx-therapeutic-area"],"mconnectArchiveFilterSorting":["is_keyword","is_date"],"mconnectArchiveContentItemStyle":{"showExcerpt":true,"showImage":true,"showIcon":false,"showPrimaryTag":true,"showBorder":false,"showDates":false,"showCta":true,"isCard":false,"hasBackground":false,"showMetadata":true},"mconnectArchiveLayout":{"type":"list","hasFeatured":false},"mconnectDynamicTaxonomyEntities":[],"mconnectArchiveTerms_category":[],"mconnectArchiveAllowTerms_category":[],"mconnectArchiveTerms_tx-content-type":[],"mconnectArchiveAllowTerms_tx-content-type":[],"mconnectArchiveTerms_tx-product":[],"mconnectArchiveAllowTerms_tx-product":[],"mconnectArchiveTerms_tx-pathology":[],"mconnectArchiveAllowTerms_tx-pathology":[],"mconnectArchiveTerms_tx-active-ingredient":[],"mconnectArchiveAllowTerms_tx-active-ingredient":[],"mconnectArchiveTerms_tx-therapeutic-area":[],"mconnectArchiveAllowTerms_tx-therapeutic-area":[],"mconnectArchiveAllowTerms_dynamic-taxonomy":[],"mconnectArchiveLegacyDefaultTermsApplied":false,"mconnectContentUpdatesPerPage":10,"mconnectContentUpdatesViewMoreUrl":"","mconnectContentUpdatesTerms_tx-content-type":[],"mconnectContentUpdatesTerms_tx-product":[],"mconnectContentUpdatesTerms_tx-pathology":[],"mconnectContentUpdatesTerms_tx-active-ingredient":[],"mconnectContentUpdatesTerms_tx-therapeutic-area":[]},"categories":[],"tags":[],"ga4_page_audience":[],"ga4_page_birn_id":[],"ga4_page_branding":[],"ga4_page_businessunit":[],"ga4_page_campaign":[],"ga4_page_content_purpose":[],"ga4_page_customer_journey_stage":[],"ga4_page_customer_specialty":[],"ga4_page_experience":[],"ga4_page_indication":[],"ga4_page_material_intent":[],"ga4_page_product":[],"ga4_page_region":[],"ga4_page_therapeuticarea":[],"tx-therapeutic-area":[],"tx-product":[],"tx-pathology":[],"tx-content-type":[],"tx-active-ingredient":[],"mhh-area-of-interest":[],"access":[],"user_status":[],"user_role":[],"mh-depends-on":[],"class_list":["post-2265","page","type-page","status-publish","hentry"],"yoast_head":"<!-- This site is optimized with the Yoast SEO plugin v23.9 - https:\/\/yoast.com\/wordpress\/plugins\/seo\/ -->\n<title>Uvjeti uporabe - MedEd Croatia<\/title>\n<meta name=\"robots\" content=\"index, follow, max-snippet:-1, max-image-preview:large, max-video-preview:-1\" \/>\n<link rel=\"canonical\" href=\"https:\/\/msdconnect.hr\/meded\/uvjeti-uporabe\/\" \/>\n<meta property=\"og:locale\" content=\"hr_HR\" \/>\n<meta property=\"og:type\" content=\"article\" \/>\n<meta property=\"og:title\" content=\"Uvjeti uporabe - MedEd Croatia\" \/>\n<meta property=\"og:description\" content=\"Portal MSD MedEd&nbsp; MSD MedEd je internetska stranica tvrtke Merck Sharp &amp; Dohme d.o.o., Ivana Lu\u010di\u0107a 2a, Zagreb, OIB: 86296111348 [&hellip;]\" \/>\n<meta property=\"og:url\" content=\"https:\/\/msdconnect.hr\/meded\/uvjeti-uporabe\/\" \/>\n<meta property=\"og:site_name\" content=\"MedEd Croatia\" \/>\n<meta property=\"article:modified_time\" content=\"2025-07-07T08:24:38+00:00\" \/>\n<meta name=\"twitter:card\" content=\"summary_large_image\" \/>\n<meta name=\"twitter:label1\" content=\"Procijenjeno vrijeme \u010ditanja\" \/>\n\t<meta name=\"twitter:data1\" content=\"5 minuta\" \/>\n<script type=\"application\/ld+json\" class=\"yoast-schema-graph\">{\"@context\":\"https:\/\/schema.org\",\"@graph\":[{\"@type\":\"WebPage\",\"@id\":\"https:\/\/msdconnect.hr\/meded\/uvjeti-uporabe\/\",\"url\":\"https:\/\/msdconnect.hr\/meded\/uvjeti-uporabe\/\",\"name\":\"Uvjeti uporabe - MedEd Croatia\",\"isPartOf\":{\"@id\":\"https:\/\/msdconnect.hr\/meded\/#website\"},\"datePublished\":\"2024-05-22T07:21:58+00:00\",\"dateModified\":\"2025-07-07T08:24:38+00:00\",\"breadcrumb\":{\"@id\":\"https:\/\/msdconnect.hr\/meded\/uvjeti-uporabe\/#breadcrumb\"},\"inLanguage\":\"hr\",\"potentialAction\":[{\"@type\":\"ReadAction\",\"target\":[\"https:\/\/msdconnect.hr\/meded\/uvjeti-uporabe\/\"]}]},{\"@type\":\"BreadcrumbList\",\"@id\":\"https:\/\/msdconnect.hr\/meded\/uvjeti-uporabe\/#breadcrumb\",\"itemListElement\":[{\"@type\":\"ListItem\",\"position\":1,\"name\":\"Po\u010detna stranica\",\"item\":\"https:\/\/msdconnect.hr\/meded\/\"},{\"@type\":\"ListItem\",\"position\":2,\"name\":\"Uvjeti uporabe\"}]},{\"@type\":\"WebSite\",\"@id\":\"https:\/\/msdconnect.hr\/meded\/#website\",\"url\":\"https:\/\/msdconnect.hr\/meded\/\",\"name\":\"MedEd Croatia\",\"description\":\"\",\"publisher\":{\"@id\":\"https:\/\/msdconnect.hr\/meded\/#organization\"},\"potentialAction\":[{\"@type\":\"SearchAction\",\"target\":{\"@type\":\"EntryPoint\",\"urlTemplate\":\"https:\/\/msdconnect.hr\/meded\/?s={search_term_string}\"},\"query-input\":{\"@type\":\"PropertyValueSpecification\",\"valueRequired\":true,\"valueName\":\"search_term_string\"}}],\"inLanguage\":\"hr\"},{\"@type\":\"Organization\",\"@id\":\"https:\/\/msdconnect.hr\/meded\/#organization\",\"name\":\"MedEd Croatia\",\"url\":\"https:\/\/msdconnect.hr\/meded\/\",\"logo\":{\"@type\":\"ImageObject\",\"inLanguage\":\"hr\",\"@id\":\"https:\/\/msdconnect.hr\/meded\/#\/schema\/logo\/image\/\",\"url\":\"https:\/\/msdconnect.hr\/meded\/wp-content\/uploads\/sites\/146\/2024\/06\/cropped-msd-meded-logo.png\",\"contentUrl\":\"https:\/\/msdconnect.hr\/meded\/wp-content\/uploads\/sites\/146\/2024\/06\/cropped-msd-meded-logo.png\",\"width\":279,\"height\":55,\"caption\":\"MedEd Croatia\"},\"image\":{\"@id\":\"https:\/\/msdconnect.hr\/meded\/#\/schema\/logo\/image\/\"}}]}<\/script>\n<!-- \/ Yoast SEO plugin. -->","yoast_head_json":{"title":"Uvjeti uporabe - MedEd Croatia","robots":{"index":"index","follow":"follow","max-snippet":"max-snippet:-1","max-image-preview":"max-image-preview:large","max-video-preview":"max-video-preview:-1"},"canonical":"https:\/\/msdconnect.hr\/meded\/uvjeti-uporabe\/","og_locale":"hr_HR","og_type":"article","og_title":"Uvjeti uporabe - MedEd Croatia","og_description":"Portal MSD MedEd&nbsp; MSD MedEd je internetska stranica tvrtke Merck Sharp &amp; Dohme d.o.o., Ivana Lu\u010di\u0107a 2a, Zagreb, OIB: 86296111348 [&hellip;]","og_url":"https:\/\/msdconnect.hr\/meded\/uvjeti-uporabe\/","og_site_name":"MedEd Croatia","article_modified_time":"2025-07-07T08:24:38+00:00","twitter_card":"summary_large_image","twitter_misc":{"Procijenjeno vrijeme \u010ditanja":"5 minuta"},"schema":{"@context":"https:\/\/schema.org","@graph":[{"@type":"WebPage","@id":"https:\/\/msdconnect.hr\/meded\/uvjeti-uporabe\/","url":"https:\/\/msdconnect.hr\/meded\/uvjeti-uporabe\/","name":"Uvjeti uporabe - MedEd Croatia","isPartOf":{"@id":"https:\/\/msdconnect.hr\/meded\/#website"},"datePublished":"2024-05-22T07:21:58+00:00","dateModified":"2025-07-07T08:24:38+00:00","breadcrumb":{"@id":"https:\/\/msdconnect.hr\/meded\/uvjeti-uporabe\/#breadcrumb"},"inLanguage":"hr","potentialAction":[{"@type":"ReadAction","target":["https:\/\/msdconnect.hr\/meded\/uvjeti-uporabe\/"]}]},{"@type":"BreadcrumbList","@id":"https:\/\/msdconnect.hr\/meded\/uvjeti-uporabe\/#breadcrumb","itemListElement":[{"@type":"ListItem","position":1,"name":"Po\u010detna stranica","item":"https:\/\/msdconnect.hr\/meded\/"},{"@type":"ListItem","position":2,"name":"Uvjeti uporabe"}]},{"@type":"WebSite","@id":"https:\/\/msdconnect.hr\/meded\/#website","url":"https:\/\/msdconnect.hr\/meded\/","name":"MedEd Croatia","description":"","publisher":{"@id":"https:\/\/msdconnect.hr\/meded\/#organization"},"potentialAction":[{"@type":"SearchAction","target":{"@type":"EntryPoint","urlTemplate":"https:\/\/msdconnect.hr\/meded\/?s={search_term_string}"},"query-input":{"@type":"PropertyValueSpecification","valueRequired":true,"valueName":"search_term_string"}}],"inLanguage":"hr"},{"@type":"Organization","@id":"https:\/\/msdconnect.hr\/meded\/#organization","name":"MedEd Croatia","url":"https:\/\/msdconnect.hr\/meded\/","logo":{"@type":"ImageObject","inLanguage":"hr","@id":"https:\/\/msdconnect.hr\/meded\/#\/schema\/logo\/image\/","url":"https:\/\/msdconnect.hr\/meded\/wp-content\/uploads\/sites\/146\/2024\/06\/cropped-msd-meded-logo.png","contentUrl":"https:\/\/msdconnect.hr\/meded\/wp-content\/uploads\/sites\/146\/2024\/06\/cropped-msd-meded-logo.png","width":279,"height":55,"caption":"MedEd Croatia"},"image":{"@id":"https:\/\/msdconnect.hr\/meded\/#\/schema\/logo\/image\/"}}]}},"_links":{"self":[{"href":"https:\/\/msdconnect.hr\/meded\/wp-json\/wp\/v2\/pages\/2265","targetHints":{"allow":["GET"]}}],"collection":[{"href":"https:\/\/msdconnect.hr\/meded\/wp-json\/wp\/v2\/pages"}],"about":[{"href":"https:\/\/msdconnect.hr\/meded\/wp-json\/wp\/v2\/types\/page"}],"author":[{"embeddable":true,"href":"https:\/\/msdconnect.hr\/meded\/wp-json\/wp\/v2\/users\/162880"}],"replies":[{"embeddable":true,"href":"https:\/\/msdconnect.hr\/meded\/wp-json\/wp\/v2\/comments?post=2265"}],"version-history":[{"count":2,"href":"https:\/\/msdconnect.hr\/meded\/wp-json\/wp\/v2\/pages\/2265\/revisions"}],"predecessor-version":[{"id":2274,"href":"https:\/\/msdconnect.hr\/meded\/wp-json\/wp\/v2\/pages\/2265\/revisions\/2274"}],"wp:attachment":[{"href":"https:\/\/msdconnect.hr\/meded\/wp-json\/wp\/v2\/media?parent=2265"}],"wp:term":[{"taxonomy":"category","embeddable":true,"href":"https:\/\/msdconnect.hr\/meded\/wp-json\/wp\/v2\/categories?post=2265"},{"taxonomy":"post_tag","embeddable":true,"href":"https:\/\/msdconnect.hr\/meded\/wp-json\/wp\/v2\/tags?post=2265"},{"taxonomy":"ga4_page_audience","embeddable":true,"href":"https:\/\/msdconnect.hr\/meded\/wp-json\/wp\/v2\/ga4_page_audience?post=2265"},{"taxonomy":"ga4_page_birn_id","embeddable":true,"href":"https:\/\/msdconnect.hr\/meded\/wp-json\/wp\/v2\/ga4_page_birn_id?post=2265"},{"taxonomy":"ga4_page_branding","embeddable":true,"href":"https:\/\/msdconnect.hr\/meded\/wp-json\/wp\/v2\/ga4_page_branding?post=2265"},{"taxonomy":"ga4_page_businessunit","embeddable":true,"href":"https:\/\/msdconnect.hr\/meded\/wp-json\/wp\/v2\/ga4_page_businessunit?post=2265"},{"taxonomy":"ga4_page_campaign","embeddable":true,"href":"https:\/\/msdconnect.hr\/meded\/wp-json\/wp\/v2\/ga4_page_campaign?post=2265"},{"taxonomy":"ga4_page_content_purpose","embeddable":true,"href":"https:\/\/msdconnect.hr\/meded\/wp-json\/wp\/v2\/ga4_page_content_purpose?post=2265"},{"taxonomy":"ga4_page_customer_journey_stage","embeddable":true,"href":"https:\/\/msdconnect.hr\/meded\/wp-json\/wp\/v2\/ga4_page_customer_journey_stage?post=2265"},{"taxonomy":"ga4_page_customer_specialty","embeddable":true,"href":"https:\/\/msdconnect.hr\/meded\/wp-json\/wp\/v2\/ga4_page_customer_specialty?post=2265"},{"taxonomy":"ga4_page_experience","embeddable":true,"href":"https:\/\/msdconnect.hr\/meded\/wp-json\/wp\/v2\/ga4_page_experience?post=2265"},{"taxonomy":"ga4_page_indication","embeddable":true,"href":"https:\/\/msdconnect.hr\/meded\/wp-json\/wp\/v2\/ga4_page_indication?post=2265"},{"taxonomy":"ga4_page_material_intent","embeddable":true,"href":"https:\/\/msdconnect.hr\/meded\/wp-json\/wp\/v2\/ga4_page_material_intent?post=2265"},{"taxonomy":"ga4_page_product","embeddable":true,"href":"https:\/\/msdconnect.hr\/meded\/wp-json\/wp\/v2\/ga4_page_product?post=2265"},{"taxonomy":"ga4_page_region","embeddable":true,"href":"https:\/\/msdconnect.hr\/meded\/wp-json\/wp\/v2\/ga4_page_region?post=2265"},{"taxonomy":"ga4_page_therapeuticarea","embeddable":true,"href":"https:\/\/msdconnect.hr\/meded\/wp-json\/wp\/v2\/ga4_page_therapeuticarea?post=2265"},{"taxonomy":"tx-therapeutic-area","embeddable":true,"href":"https:\/\/msdconnect.hr\/meded\/wp-json\/wp\/v2\/tx-therapeutic-area?post=2265"},{"taxonomy":"tx-product","embeddable":true,"href":"https:\/\/msdconnect.hr\/meded\/wp-json\/wp\/v2\/tx-product?post=2265"},{"taxonomy":"tx-pathology","embeddable":true,"href":"https:\/\/msdconnect.hr\/meded\/wp-json\/wp\/v2\/tx-pathology?post=2265"},{"taxonomy":"tx-content-type","embeddable":true,"href":"https:\/\/msdconnect.hr\/meded\/wp-json\/wp\/v2\/tx-content-type?post=2265"},{"taxonomy":"tx-active-ingredient","embeddable":true,"href":"https:\/\/msdconnect.hr\/meded\/wp-json\/wp\/v2\/tx-active-ingredient?post=2265"},{"taxonomy":"mhh-area-of-interest","embeddable":true,"href":"https:\/\/msdconnect.hr\/meded\/wp-json\/wp\/v2\/mhh-area-of-interest?post=2265"},{"taxonomy":"access","embeddable":true,"href":"https:\/\/msdconnect.hr\/meded\/wp-json\/wp\/v2\/access?post=2265"},{"taxonomy":"user_status","embeddable":true,"href":"https:\/\/msdconnect.hr\/meded\/wp-json\/wp\/v2\/user_status?post=2265"},{"taxonomy":"user_role","embeddable":true,"href":"https:\/\/msdconnect.hr\/meded\/wp-json\/wp\/v2\/user_role?post=2265"},{"taxonomy":"mh-depends-on","embeddable":true,"href":"https:\/\/msdconnect.hr\/meded\/wp-json\/wp\/v2\/mh-depends-on?post=2265"}],"curies":[{"name":"wp","href":"https:\/\/api.w.org\/{rel}","templated":true}]}}